{"id":11864,"date":"2026-04-09T19:03:40","date_gmt":"2026-04-09T17:03:40","guid":{"rendered":"https:\/\/www.wtc-made.nl\/?page_id=11864"},"modified":"2026-04-09T19:03:40","modified_gmt":"2026-04-09T17:03:40","slug":"fiets-surplace-kampioenschap-drimmelen-voor-glazen-huis-made","status":"publish","type":"page","link":"https:\/\/www.wtc-made.nl\/?page_id=11864","title":{"rendered":"Fiets Surplace Kampioenschap Drimmelen voor Glazen Huis Made"},"content":{"rendered":"\n<p>Beste fietsvrienden,<\/p>\n\n\n\n<p><strong>Dit jaar bestaat WTC Made 50 jaar.<\/strong> Naast een intern feestje willen we graag iets doen voor en met de fiets-gemeenschap van Drimmelen. Het goede doel evenement <strong><a href=\"https:\/\/glazenhuisdrimmelen.nl\/\" target=\"_blank\" rel=\"noreferrer noopener\">Het Glazen Huis Drimmelen<\/a><\/strong> is daarbij de uitgelezen kans om als jubilerende fietsclub iets te doen in het algemeen belang. <br>Graag betrekken we hierbij alle fietsclubs uit de gemeente. We merken regelmatig dat mensen niet altijd positief naar wielrenners kijken, nu kunnen we ons laten zien in positieve zin. Dus we roepen jullie op om mee te doen.<\/p>\n\n\n\n<p class=\"has-text-align-center has-vivid-red-color has-text-color has-link-color has-large-font-size wp-elements-09c27f7fb19b9cbe72f2b6a9efabf85e\"><strong>Fiets Surplace kampioenschap<\/strong><\/p>\n\n\n\n<div class=\"wp-block-columns is-layout-flex wp-container-core-columns-is-layout-9d6595d7 wp-block-columns-is-layout-flex\">\n<div class=\"wp-block-column is-layout-flow wp-block-column-is-layout-flow\">\n<figure class=\"wp-block-image size-large\"><img decoding=\"async\" src=\"https:\/\/glazenhuisdrimmelen.nl\/wp-content\/uploads\/2025\/10\/logo-sghd.png\" alt=\"\"\/><\/figure>\n<\/div>\n\n\n\n<div class=\"wp-block-column is-layout-flow wp-block-column-is-layout-flow\"><div class=\"wp-block-image\">\n<figure class=\"aligncenter size-full is-resized\"><img loading=\"lazy\" decoding=\"async\" width=\"344\" height=\"522\" src=\"https:\/\/www.wtc-made.nl\/wp-content\/uploads\/2026\/04\/Screenshot-2026-04-08-183041.png\" alt=\"\" class=\"wp-image-11866\" style=\"width:277px;height:auto\" srcset=\"https:\/\/www.wtc-made.nl\/wp-content\/uploads\/2026\/04\/Screenshot-2026-04-08-183041.png 344w, https:\/\/www.wtc-made.nl\/wp-content\/uploads\/2026\/04\/Screenshot-2026-04-08-183041-330x500.png 330w\" sizes=\"auto, (max-width: 344px) 100vw, 344px\" \/><\/figure>\n<\/div><\/div>\n<\/div>\n\n\n\n<p><br>Op zondag 26 april 2026 organiseren wij als WTC Made het <strong>Fiets Surplace Kampioenschap<\/strong> van Drimmelen. Hierbij is het doel om zo langzaam mogelijk binnen een vak van 1 x 5 meter op de fiets te blijven. De tijd wordt genoteerd\u2026 hoe langer hoe beter in dit geval.<br>We hebben de categorie\u00ebn: <\/p>\n\n\n\n<ul class=\"wp-block-list\">\n<li>Meisje: &lt;18 jaar<\/li>\n\n\n\n<li>Jongen: &lt; 18 jaar<\/li>\n\n\n\n<li>Vrouw: >=18 jaar<\/li>\n\n\n\n<li>Man: >=18 jaar<\/li>\n\n\n\n<li>\u00c9n, clubs, en daar spreken we jullie aan<\/li>\n<\/ul>\n\n\n\n<p>Je kunt <strong>teams van 5 personen<\/strong> inschrijven en de tijden worden opgeteld. Het leuke is dat je voor de club luxe <strong>koffie met gebak<\/strong> kunt verdienen voor <strong>20 personen bij \u2019t Trefpunt ter waarde van \u20ac 250,-<\/strong> ! Tijdstip zelf te bepalen.<br>Natuurlijk is het doel om geld op te halen voor het goede doel en daarom vragen we inschrijfgeld dat \u00e9\u00e9n op \u00e9\u00e9n de goede doelen pot in gaat. Als team van 5 personen draag je met \u20ac25,- hieraan bij (minimumbedrag, meer mag natuurlijk altijd). Deelnemers kunnen dat doneren, maar wellicht wil de penningmeester van de club het betalen, of kunnen jullie je sponsoren ook wijzen op het feit dat jullie aan deze goede doel activiteit mee doen. De drie WTC Made sponsoren hoefden hier niet lang over na te denken om hieraan mee te doen.<\/p>\n\n\n\n<div class=\"wp-block-columns is-layout-flex wp-container-core-columns-is-layout-9d6595d7 wp-block-columns-is-layout-flex\">\n<div class=\"wp-block-column is-layout-flow wp-block-column-is-layout-flow\">\n<figure class=\"wp-block-image size-large\"><img decoding=\"async\" src=\"https:\/\/www.wtc-made.nl\/wp-content\/themes\/WTC\/images\/sponsor2.png\" alt=\"\"\/><\/figure>\n<\/div>\n\n\n\n<div class=\"wp-block-column is-layout-flow wp-block-column-is-layout-flow\">\n<figure class=\"wp-block-image size-large\"><img decoding=\"async\" src=\"https:\/\/www.wtc-made.nl\/wp-content\/themes\/WTC\/images\/sponsor-ah.png\" alt=\"\"\/><\/figure>\n<\/div>\n\n\n\n<div class=\"wp-block-column is-layout-flow wp-block-column-is-layout-flow\">\n<figure class=\"wp-block-image size-large\"><img decoding=\"async\" src=\"https:\/\/www.wtc-made.nl\/wp-content\/themes\/WTC\/images\/sponsor3.png\" alt=\"\"\/><\/figure>\n<\/div>\n<\/div>\n\n\n\n<p>Je kunt meedoen met meerdere teams per club. Dat is leuk, want dat geeft nog een extra ludieke onderlinge competitie, en meer opbrengst voor het goede doel.<br>Inschrijven kan op het Raadhuisplein maar voor ons is het fijn als we van te voren al dingen voor kunnen bereiden dus laat even weten met hoeveel teams jullie voor de prijs gaan en mogelijk ook al de namen. <br><br>Stuur ons s.v.p. een berichtje op <a href=\"mailto:surplace@wtc-made.nl\">surplace@wtc-made.nl<\/a>, dan weten wij al wat meer. Je kunt bijv. de gewenste tijd aangeven van het team. Dan staat dat vast.<br>We beginnen <strong>vanaf 14:30 uur<\/strong> en gaan door <strong>tot 17:30 uur<\/strong>. Ondertussen is er veel entertainment en gezelligheid op het Raadhuisplein in Made.<br><strong>Prijsuitreiking <\/strong>en overhandiging van onze check vinden plaats in de pauze van de N-Zo coverband <strong>rond 18:00 uur<\/strong>.<br>Hopelijk zijn jullie net zo gemotiveerd als wij om de Drimmelense fietsers in actie te zien voor het goede doel. Natuurlijk draagt een team in ieder geval hun clubshirt zodat we ook nog eens onze sponsoren mooi in beeld kunnen brengen bij het grote publiek.<br><br>Groeten namens WTC Made<br><br>Ad van Wesel<\/p>\n","protected":false},"excerpt":{"rendered":"<p>Beste fietsvrienden, Dit jaar bestaat WTC Made 50 jaar. Naast een intern feestje willen we graag iets doen voor en met de fiets-gemeenschap van Drimmelen. Het goede doel evenement Het Glazen Huis Drimmelen is daarbij de uitgelezen kans om als jubilerende fietsclub iets te doen in het algemeen belang. Graag betrekken we hierbij alle fietsclubs [&hellip;]<\/p>\n","protected":false},"author":83,"featured_media":0,"parent":0,"menu_order":0,"comment_status":"closed","ping_status":"closed","template":"","meta":{"ngg_post_thumbnail":0,"footnotes":""},"class_list":["post-11864","page","type-page","status-publish","hentry"],"_links":{"self":[{"href":"https:\/\/www.wtc-made.nl\/index.php?rest_route=\/wp\/v2\/pages\/11864","targetHints":{"allow":["GET"]}}],"collection":[{"href":"https:\/\/www.wtc-made.nl\/index.php?rest_route=\/wp\/v2\/pages"}],"about":[{"href":"https:\/\/www.wtc-made.nl\/index.php?rest_route=\/wp\/v2\/types\/page"}],"author":[{"embeddable":true,"href":"https:\/\/www.wtc-made.nl\/index.php?rest_route=\/wp\/v2\/users\/83"}],"replies":[{"embeddable":true,"href":"https:\/\/www.wtc-made.nl\/index.php?rest_route=%2Fwp%2Fv2%2Fcomments&post=11864"}],"version-history":[{"count":3,"href":"https:\/\/www.wtc-made.nl\/index.php?rest_route=\/wp\/v2\/pages\/11864\/revisions"}],"predecessor-version":[{"id":11869,"href":"https:\/\/www.wtc-made.nl\/index.php?rest_route=\/wp\/v2\/pages\/11864\/revisions\/11869"}],"wp:attachment":[{"href":"https:\/\/www.wtc-made.nl\/index.php?rest_route=%2Fwp%2Fv2%2Fmedia&parent=11864"}],"curies":[{"name":"wp","href":"https:\/\/api.w.org\/{rel}","templated":true}]}}